{"id":415,"date":"2024-03-21T22:53:39","date_gmt":"2024-03-21T22:53:39","guid":{"rendered":"https:\/\/azerty.mx\/?page_id=415"},"modified":"2026-01-16T22:50:05","modified_gmt":"2026-01-16T22:50:05","slug":"sobre-nosotros","status":"publish","type":"page","link":"https:\/\/azerty.mx\/inicio\/sobre-nosotros\/","title":{"rendered":"Sobre nosotros"},"content":{"rendered":"\t\t<div data-elementor-type=\"wp-page\" data-elementor-id=\"415\" class=\"elementor elementor-415\" data-elementor-post-type=\"page\">\n\t\t\t\t<div class=\"elementor-element elementor-element-8a296ab e-grid e-con-boxed elementor-invisible e-con e-parent\" data-id=\"8a296ab\" data-element_type=\"container\" data-e-type=\"container\" data-settings=\"{&quot;background_background&quot;:&quot;slideshow&quot;,&quot;background_slideshow_gallery&quot;:[{&quot;id&quot;:808,&quot;url&quot;:&quot;http:\\\/\\\/azerty.mx\\\/wp-content\\\/uploads\\\/2024\\\/03\\\/AZERTY-ENERO-2024-e1715023027386.png&quot;},{&quot;id&quot;:806,&quot;url&quot;:&quot;http:\\\/\\\/azerty.mx\\\/wp-content\\\/uploads\\\/2024\\\/03\\\/AZERTY-FEBRERO-2024.png&quot;},{&quot;id&quot;:1177,&quot;url&quot;:&quot;http:\\\/\\\/azerty.mx\\\/wp-content\\\/uploads\\\/2024\\\/04\\\/FondoAzertyScaled-scaled.jpg&quot;}],&quot;animation&quot;:&quot;fadeIn&quot;,&quot;background_slideshow_loop&quot;:&quot;yes&quot;,&quot;background_slideshow_slide_duration&quot;:5000,&quot;background_slideshow_slide_transition&quot;:&quot;fade&quot;,&quot;background_slideshow_transition_duration&quot;:500}\">\n\t\t\t\t\t<div class=\"e-con-inner\">\n\t\t\t\t<div class=\"elementor-element elementor-element-801ea7f elementor-widget elementor-widget-heading\" data-id=\"801ea7f\" data-element_type=\"widget\" data-e-type=\"widget\" data-widget_type=\"heading.default\">\n\t\t\t\t<div class=\"elementor-widget-container\">\n\t\t\t\t\t<h1 class=\"elementor-heading-title elementor-size-default\">SOBRE<br>NOSOTROS<\/h1>\t\t\t\t<\/div>\n\t\t\t\t<\/div>\n\t\t\t\t\t<\/div>\n\t\t\t\t<\/div>\n\t\t<div class=\"elementor-element elementor-element-cdcd31b e-con-full e-flex e-con e-parent\" data-id=\"cdcd31b\" data-element_type=\"container\" data-e-type=\"container\" data-settings=\"{&quot;background_background&quot;:&quot;classic&quot;}\">\n\t\t\t\t<\/div>\n\t\t<div class=\"elementor-element elementor-element-f8b8721 e-flex e-con-boxed e-con e-parent\" data-id=\"f8b8721\" data-element_type=\"container\" data-e-type=\"container\">\n\t\t\t\t\t<div class=\"e-con-inner\">\n\t\t\t\t<div class=\"elementor-element elementor-element-94a3901 elementor-widget elementor-widget-spacer\" data-id=\"94a3901\" data-element_type=\"widget\" data-e-type=\"widget\" data-widget_type=\"spacer.default\">\n\t\t\t\t<div class=\"elementor-widget-container\">\n\t\t\t\t\t\t\t<div class=\"elementor-spacer\">\n\t\t\t<div class=\"elementor-spacer-inner\"><\/div>\n\t\t<\/div>\n\t\t\t\t\t\t<\/div>\n\t\t\t\t<\/div>\n\t\t\t\t<div class=\"elementor-element elementor-element-4322596 elementor-widget__width-initial elementor-widget elementor-widget-heading\" data-id=\"4322596\" data-element_type=\"widget\" data-e-type=\"widget\" data-widget_type=\"heading.default\">\n\t\t\t\t<div class=\"elementor-widget-container\">\n\t\t\t\t\t<h1 class=\"elementor-heading-title elementor-size-default\">CON 32 A\u00d1OS DE EXPERIENCIA EN EL MERCADO MEXICANO<\/h1>\t\t\t\t<\/div>\n\t\t\t\t<\/div>\n\t\t\t\t\t<\/div>\n\t\t\t\t<\/div>\n\t\t<div class=\"elementor-element elementor-element-4f9d407 e-flex e-con-boxed e-con e-parent\" data-id=\"4f9d407\" data-element_type=\"container\" data-e-type=\"container\">\n\t\t\t\t\t<div class=\"e-con-inner\">\n\t\t<div class=\"elementor-element elementor-element-a890689 e-con-full e-flex e-con e-child\" data-id=\"a890689\" data-element_type=\"container\" data-e-type=\"container\">\n\t\t\t\t<div class=\"elementor-element elementor-element-e5d4620 e-transform elementor-widget elementor-widget-image\" data-id=\"e5d4620\" data-element_type=\"widget\" data-e-type=\"widget\" data-settings=\"{&quot;_transform_scale_effect_hover&quot;:{&quot;unit&quot;:&quot;px&quot;,&quot;size&quot;:1.1,&quot;sizes&quot;:[]},&quot;_transform_scale_effect_hover_tablet&quot;:{&quot;unit&quot;:&quot;px&quot;,&quot;size&quot;:&quot;&quot;,&quot;sizes&quot;:[]},&quot;_transform_scale_effect_hover_mobile&quot;:{&quot;unit&quot;:&quot;px&quot;,&quot;size&quot;:&quot;&quot;,&quot;sizes&quot;:[]}}\" data-widget_type=\"image.default\">\n\t\t\t\t<div class=\"elementor-widget-container\">\n\t\t\t\t\t\t\t\t\t\t\t\t\t\t\t\t<a href=\"https:\/\/azerty.mx\/distribuidor\/\" target=\"_blank\">\n\t\t\t\t\t\t\t<img fetchpriority=\"high\" decoding=\"async\" width=\"1024\" height=\"1024\" src=\"https:\/\/azerty.mx\/wp-content\/uploads\/2024\/05\/Red-de-distribuidoresIII-1024x1024.jpg\" class=\"attachment-large size-large wp-image-1755\" alt=\"\" srcset=\"https:\/\/azerty.mx\/wp-content\/uploads\/2024\/05\/Red-de-distribuidoresIII-1024x1024.jpg 1024w, https:\/\/azerty.mx\/wp-content\/uploads\/2024\/05\/Red-de-distribuidoresIII-300x300.jpg 300w, https:\/\/azerty.mx\/wp-content\/uploads\/2024\/05\/Red-de-distribuidoresIII-150x150.jpg 150w, https:\/\/azerty.mx\/wp-content\/uploads\/2024\/05\/Red-de-distribuidoresIII-768x768.jpg 768w, https:\/\/azerty.mx\/wp-content\/uploads\/2024\/05\/Red-de-distribuidoresIII-1536x1536.jpg 1536w, https:\/\/azerty.mx\/wp-content\/uploads\/2024\/05\/Red-de-distribuidoresIII.jpg 1667w\" sizes=\"(max-width: 1024px) 100vw, 1024px\" \/>\t\t\t\t\t\t\t\t<\/a>\n\t\t\t\t\t\t\t\t\t\t\t\t\t\t\t<\/div>\n\t\t\t\t<\/div>\n\t\t\t\t<\/div>\n\t\t<div class=\"elementor-element elementor-element-284d859 e-con-full e-flex e-con e-child\" data-id=\"284d859\" data-element_type=\"container\" data-e-type=\"container\">\n\t\t\t\t<div class=\"elementor-element elementor-element-16f26c3 elementor-widget elementor-widget-text-editor\" data-id=\"16f26c3\" data-element_type=\"widget\" data-e-type=\"widget\" data-widget_type=\"text-editor.default\">\n\t\t\t\t<div class=\"elementor-widget-container\">\n\t\t\t\t\t\t\t\t\t<p>Somos uno de los\u00a0mayoristas l\u00edderes\u00a0en la venta de equipos de\u00a0c\u00f3digo de barra, para punto de venta, movilidad y papel de amplio formato.<\/p><p>Contamos con una\u00a0red de distribuidores\u00a0en toda la Rep\u00fablica, los cuales pueden apoyar a todos los usuarios finales.<\/p>\t\t\t\t\t\t\t\t<\/div>\n\t\t\t\t<\/div>\n\t\t\t\t<div class=\"elementor-element elementor-element-d3a1730 elementor-align-center elementor-widget elementor-widget-button\" data-id=\"d3a1730\" data-element_type=\"widget\" data-e-type=\"widget\" data-widget_type=\"button.default\">\n\t\t\t\t<div class=\"elementor-widget-container\">\n\t\t\t\t\t\t\t\t\t<div class=\"elementor-button-wrapper\">\n\t\t\t\t\t<a class=\"elementor-button elementor-button-link elementor-size-sm\" href=\"https:\/\/azerty.mx\/distribuidor\/\" target=\"_blank\">\n\t\t\t\t\t\t<span class=\"elementor-button-content-wrapper\">\n\t\t\t\t\t\t\t\t\t<span class=\"elementor-button-text\">Forma parte de nuestra red de distribuidores aqu\u00ed<\/span>\n\t\t\t\t\t<\/span>\n\t\t\t\t\t<\/a>\n\t\t\t\t<\/div>\n\t\t\t\t\t\t\t\t<\/div>\n\t\t\t\t<\/div>\n\t\t\t\t<\/div>\n\t\t\t\t\t<\/div>\n\t\t\t\t<\/div>\n\t\t<div class=\"elementor-element elementor-element-41f4681 e-flex e-con-boxed e-con e-parent\" data-id=\"41f4681\" data-element_type=\"container\" data-e-type=\"container\">\n\t\t\t\t\t<div class=\"e-con-inner\">\n\t\t\t\t<div class=\"elementor-element elementor-element-05cf733 elementor-widget elementor-widget-spacer\" data-id=\"05cf733\" data-element_type=\"widget\" data-e-type=\"widget\" data-widget_type=\"spacer.default\">\n\t\t\t\t<div class=\"elementor-widget-container\">\n\t\t\t\t\t\t\t<div class=\"elementor-spacer\">\n\t\t\t<div class=\"elementor-spacer-inner\"><\/div>\n\t\t<\/div>\n\t\t\t\t\t\t<\/div>\n\t\t\t\t<\/div>\n\t\t\t\t\t<\/div>\n\t\t\t\t<\/div>\n\t\t<div class=\"elementor-element elementor-element-bec924f e-flex e-con-boxed e-con e-parent\" data-id=\"bec924f\" data-element_type=\"container\" data-e-type=\"container\">\n\t\t\t\t\t<div class=\"e-con-inner\">\n\t\t\t\t<div class=\"elementor-element elementor-element-a8d51da elementor-widget__width-initial elementor-widget elementor-widget-heading\" data-id=\"a8d51da\" data-element_type=\"widget\" data-e-type=\"widget\" data-widget_type=\"heading.default\">\n\t\t\t\t<div class=\"elementor-widget-container\">\n\t\t\t\t\t<h1 class=\"elementor-heading-title elementor-size-default\">CONOCE NUESTRA FILOSOF\u00cdA DE TRABAJO<\/h1>\t\t\t\t<\/div>\n\t\t\t\t<\/div>\n\t\t\t\t\t<\/div>\n\t\t\t\t<\/div>\n\t\t<div class=\"elementor-element elementor-element-cb5eea2 e-flex e-con-boxed e-con e-parent\" data-id=\"cb5eea2\" data-element_type=\"container\" data-e-type=\"container\">\n\t\t\t\t\t<div class=\"e-con-inner\">\n\t\t<div class=\"elementor-element elementor-element-0594526 e-con-full e-flex e-con e-child\" data-id=\"0594526\" data-element_type=\"container\" data-e-type=\"container\">\n\t\t\t\t<div class=\"elementor-element elementor-element-4e135ea elementor-widget elementor-widget-heading\" data-id=\"4e135ea\" data-element_type=\"widget\" data-e-type=\"widget\" data-widget_type=\"heading.default\">\n\t\t\t\t<div class=\"elementor-widget-container\">\n\t\t\t\t\t<h3 class=\"elementor-heading-title elementor-size-default\">MISI\u00d3N<\/h3>\t\t\t\t<\/div>\n\t\t\t\t<\/div>\n\t\t\t\t<div class=\"elementor-element elementor-element-fc25fa1 elementor-widget elementor-widget-text-editor\" data-id=\"fc25fa1\" data-element_type=\"widget\" data-e-type=\"widget\" data-widget_type=\"text-editor.default\">\n\t\t\t\t<div class=\"elementor-widget-container\">\n\t\t\t\t\t\t\t\t\t<p><span style=\"white-space-collapse: preserve;\">Lograr que nuestros clientes comercialicen la mejor selecci\u00f3n de productos de tecnolog\u00eda de c\u00f3digo de barras, punto de venta e impresi\u00f3n de gran formato de la manera m\u00e1s sencilla, eficiente, confiable y redituable posible.<\/span><\/p>\t\t\t\t\t\t\t\t<\/div>\n\t\t\t\t<\/div>\n\t\t\t\t<\/div>\n\t\t<div class=\"elementor-element elementor-element-0fcc9d9 e-con-full e-flex e-con e-child\" data-id=\"0fcc9d9\" data-element_type=\"container\" data-e-type=\"container\">\n\t\t\t\t<div class=\"elementor-element elementor-element-b8b2d23 elementor-widget elementor-widget-heading\" data-id=\"b8b2d23\" data-element_type=\"widget\" data-e-type=\"widget\" data-widget_type=\"heading.default\">\n\t\t\t\t<div class=\"elementor-widget-container\">\n\t\t\t\t\t<h3 class=\"elementor-heading-title elementor-size-default\">VISI\u00d3N<\/h3>\t\t\t\t<\/div>\n\t\t\t\t<\/div>\n\t\t\t\t<div class=\"elementor-element elementor-element-0e00d37 elementor-widget elementor-widget-text-editor\" data-id=\"0e00d37\" data-element_type=\"widget\" data-e-type=\"widget\" data-widget_type=\"text-editor.default\">\n\t\t\t\t<div class=\"elementor-widget-container\">\n\t\t\t\t\t\t\t\t\t<p><span style=\"white-space-collapse: preserve;\">Ser el mayorista l\u00edder en M\u00e9xico en tecnolog\u00edas de c\u00f3digo de barra y punto de venta atendiendo a nuestros Distribuidores con un sentido de responsabilidad y de servicio.<\/span><\/p>\t\t\t\t\t\t\t\t<\/div>\n\t\t\t\t<\/div>\n\t\t\t\t<\/div>\n\t\t<div class=\"elementor-element elementor-element-56bdcb1 e-con-full e-flex e-con e-child\" data-id=\"56bdcb1\" data-element_type=\"container\" data-e-type=\"container\">\n\t\t\t\t<div class=\"elementor-element elementor-element-1487a52 elementor-widget elementor-widget-heading\" data-id=\"1487a52\" data-element_type=\"widget\" data-e-type=\"widget\" data-widget_type=\"heading.default\">\n\t\t\t\t<div class=\"elementor-widget-container\">\n\t\t\t\t\t<h3 class=\"elementor-heading-title elementor-size-default\">VALORES<\/h3>\t\t\t\t<\/div>\n\t\t\t\t<\/div>\n\t\t\t\t<div class=\"elementor-element elementor-element-356c6ae elementor-widget elementor-widget-text-editor\" data-id=\"356c6ae\" data-element_type=\"widget\" data-e-type=\"widget\" data-widget_type=\"text-editor.default\">\n\t\t\t\t<div class=\"elementor-widget-container\">\n\t\t\t\t\t\t\t\t\t<ul><li>Integridad<\/li><li>Responsabilidad<\/li><li>Calidad<\/li><li>Pasi\u00f3n<\/li><li>Mejora continua<\/li><li>Trabajo duro<\/li><li>Respeto<\/li><\/ul>\t\t\t\t\t\t\t\t<\/div>\n\t\t\t\t<\/div>\n\t\t\t\t<\/div>\n\t\t\t\t\t<\/div>\n\t\t\t\t<\/div>\n\t\t<div class=\"elementor-element elementor-element-9533db3 e-con-full e-flex e-con e-parent\" data-id=\"9533db3\" data-element_type=\"container\" data-e-type=\"container\" data-settings=\"{&quot;background_background&quot;:&quot;classic&quot;}\">\n\t\t\t\t<\/div>\n\t\t<div class=\"elementor-element elementor-element-a13c662 e-flex e-con-boxed e-con e-parent\" data-id=\"a13c662\" data-element_type=\"container\" data-e-type=\"container\">\n\t\t\t\t\t<div class=\"e-con-inner\">\n\t\t\t\t<div class=\"elementor-element elementor-element-b659bfe elementor-widget elementor-widget-spacer\" data-id=\"b659bfe\" data-element_type=\"widget\" data-e-type=\"widget\" data-widget_type=\"spacer.default\">\n\t\t\t\t<div class=\"elementor-widget-container\">\n\t\t\t\t\t\t\t<div class=\"elementor-spacer\">\n\t\t\t<div class=\"elementor-spacer-inner\"><\/div>\n\t\t<\/div>\n\t\t\t\t\t\t<\/div>\n\t\t\t\t<\/div>\n\t\t\t\t\t<\/div>\n\t\t\t\t<\/div>\n\t\t<div class=\"elementor-element elementor-element-64b6cf0 e-flex e-con-boxed e-con e-parent\" data-id=\"64b6cf0\" data-element_type=\"container\" data-e-type=\"container\">\n\t\t\t\t\t<div class=\"e-con-inner\">\n\t\t<div class=\"elementor-element elementor-element-35581b0 e-con-full e-flex e-con e-child\" data-id=\"35581b0\" data-element_type=\"container\" data-e-type=\"container\">\n\t\t\t\t<div class=\"elementor-element elementor-element-2fb16f9 elementor-widget elementor-widget-image\" data-id=\"2fb16f9\" data-element_type=\"widget\" data-e-type=\"widget\" data-widget_type=\"image.default\">\n\t\t\t\t<div class=\"elementor-widget-container\">\n\t\t\t\t\t\t\t\t\t\t\t\t\t\t\t<img decoding=\"async\" width=\"512\" height=\"512\" src=\"https:\/\/azerty.mx\/wp-content\/uploads\/2024\/03\/cropped-AZERTY-2.png\" class=\"attachment-large size-large wp-image-68\" alt=\"\" srcset=\"https:\/\/azerty.mx\/wp-content\/uploads\/2024\/03\/cropped-AZERTY-2.png 512w, https:\/\/azerty.mx\/wp-content\/uploads\/2024\/03\/cropped-AZERTY-2-300x300.png 300w, https:\/\/azerty.mx\/wp-content\/uploads\/2024\/03\/cropped-AZERTY-2-150x150.png 150w, https:\/\/azerty.mx\/wp-content\/uploads\/2024\/03\/cropped-AZERTY-2-60x60.png 60w, https:\/\/azerty.mx\/wp-content\/uploads\/2024\/03\/cropped-AZERTY-2-270x270.png 270w, https:\/\/azerty.mx\/wp-content\/uploads\/2024\/03\/cropped-AZERTY-2-192x192.png 192w, https:\/\/azerty.mx\/wp-content\/uploads\/2024\/03\/cropped-AZERTY-2-180x180.png 180w, https:\/\/azerty.mx\/wp-content\/uploads\/2024\/03\/cropped-AZERTY-2-32x32.png 32w\" sizes=\"(max-width: 512px) 100vw, 512px\" \/>\t\t\t\t\t\t\t\t\t\t\t\t\t\t\t<\/div>\n\t\t\t\t<\/div>\n\t\t\t\t<\/div>\n\t\t<div class=\"elementor-element elementor-element-bfa19dd e-con-full e-flex e-con e-child\" data-id=\"bfa19dd\" data-element_type=\"container\" data-e-type=\"container\">\n\t\t\t\t<div class=\"elementor-element elementor-element-5415fdd elementor-widget elementor-widget-text-editor\" data-id=\"5415fdd\" data-element_type=\"widget\" data-e-type=\"widget\" data-widget_type=\"text-editor.default\">\n\t\t\t\t<div class=\"elementor-widget-container\">\n\t\t\t\t\t\t\t\t\t<p>Nuestro logo simboliza el compromiso que tenemos con nuestros clientes de ofrecer un servicio de excelencia, representados con 4 pilares fundamentales vistos desde arriba:<\/p>\n<ul>\n<li><font color=\"#950646\"><b>Profesionalismo<\/b><\/font><\/li><li><font color=\"#950646\"><b>Confianza<\/b><\/font><\/li><li><font color=\"#950646\"><b>Rapidez<\/b><\/font><\/li><li><font color=\"#950646\"><b>Calidad<\/b><\/font><\/li>\n<\/ul>\t\t\t\t\t\t\t\t<\/div>\n\t\t\t\t<\/div>\n\t\t\t\t<\/div>\n\t\t\t\t\t<\/div>\n\t\t\t\t<\/div>\n\t\t\t\t<\/div>\n\t\t","protected":false},"excerpt":{"rendered":"<p>SOBRENOSOTROS CON 32 A\u00d1OS DE EXPERIENCIA EN EL MERCADO MEXICANO Somos uno de los\u00a0mayoristas l\u00edderes\u00a0en la venta de equipos de\u00a0c\u00f3digo de barra, para punto de venta, movilidad y papel de amplio formato. Contamos con una\u00a0red de distribuidores\u00a0en toda la Rep\u00fablica, los cuales pueden apoyar a todos los usuarios finales. Forma parte de nuestra red de &#8230; <a title=\"Sobre nosotros\" class=\"read-more\" href=\"https:\/\/azerty.mx\/inicio\/sobre-nosotros\/\" aria-label=\"Leer m\u00e1s sobre Sobre nosotros\">Leer m\u00e1s<\/a><\/p>\n","protected":false},"author":2,"featured_media":0,"parent":0,"menu_order":0,"comment_status":"closed","ping_status":"closed","template":"elementor_header_footer","meta":{"footnotes":""},"class_list":["post-415","page","type-page","status-publish"],"yoast_head":"<!-- This site is optimized with the Yoast SEO plugin v27.5 - https:\/\/yoast.com\/product\/yoast-seo-wordpress\/ -->\n<title>Sobre nosotros - Azerty de M\u00e9xico<\/title>\n<meta name=\"robots\" content=\"index, follow, max-snippet:-1, max-image-preview:large, max-video-preview:-1\" \/>\n<link rel=\"canonical\" href=\"https:\/\/azerty.mx\/inicio\/sobre-nosotros\/\" \/>\n<meta property=\"og:locale\" content=\"es_MX\" \/>\n<meta property=\"og:type\" content=\"article\" \/>\n<meta property=\"og:title\" content=\"Sobre nosotros - Azerty de M\u00e9xico\" \/>\n<meta property=\"og:description\" content=\"SOBRENOSOTROS CON 32 A\u00d1OS DE EXPERIENCIA EN EL MERCADO MEXICANO Somos uno de los\u00a0mayoristas l\u00edderes\u00a0en la venta de equipos de\u00a0c\u00f3digo de barra, para punto de venta, movilidad y papel de amplio formato. Contamos con una\u00a0red de distribuidores\u00a0en toda la Rep\u00fablica, los cuales pueden apoyar a todos los usuarios finales. Forma parte de nuestra red de ... Leer m\u00e1s\" \/>\n<meta property=\"og:url\" content=\"https:\/\/azerty.mx\/inicio\/sobre-nosotros\/\" \/>\n<meta property=\"og:site_name\" content=\"Azerty de M\u00e9xico\" \/>\n<meta property=\"article:publisher\" content=\"https:\/\/www.facebook.com\/azertydemexico\/\" \/>\n<meta property=\"article:modified_time\" content=\"2026-01-16T22:50:05+00:00\" \/>\n<meta property=\"og:image\" content=\"https:\/\/azerty.mx\/wp-content\/uploads\/2024\/05\/Red-de-distribuidoresIII.jpg\" \/>\n\t<meta property=\"og:image:width\" content=\"1667\" \/>\n\t<meta property=\"og:image:height\" content=\"1667\" \/>\n\t<meta property=\"og:image:type\" content=\"image\/jpeg\" \/>\n<meta name=\"twitter:card\" content=\"summary_large_image\" \/>\n<meta name=\"twitter:label1\" content=\"Tiempo de lectura\" \/>\n\t<meta name=\"twitter:data1\" content=\"2 minutos\" \/>\n<script type=\"application\/ld+json\" class=\"yoast-schema-graph\">{\"@context\":\"https:\\\/\\\/schema.org\",\"@graph\":[{\"@type\":\"WebPage\",\"@id\":\"https:\\\/\\\/azerty.mx\\\/inicio\\\/sobre-nosotros\\\/\",\"url\":\"https:\\\/\\\/azerty.mx\\\/inicio\\\/sobre-nosotros\\\/\",\"name\":\"Sobre nosotros - Azerty de M\u00e9xico\",\"isPartOf\":{\"@id\":\"https:\\\/\\\/azerty.mx\\\/inicio\\\/#website\"},\"primaryImageOfPage\":{\"@id\":\"https:\\\/\\\/azerty.mx\\\/inicio\\\/sobre-nosotros\\\/#primaryimage\"},\"image\":{\"@id\":\"https:\\\/\\\/azerty.mx\\\/inicio\\\/sobre-nosotros\\\/#primaryimage\"},\"thumbnailUrl\":\"http:\\\/\\\/azerty.mx\\\/wp-content\\\/uploads\\\/2024\\\/05\\\/Red-de-distribuidoresIII-1024x1024.jpg\",\"datePublished\":\"2024-03-21T22:53:39+00:00\",\"dateModified\":\"2026-01-16T22:50:05+00:00\",\"breadcrumb\":{\"@id\":\"https:\\\/\\\/azerty.mx\\\/inicio\\\/sobre-nosotros\\\/#breadcrumb\"},\"inLanguage\":\"es\",\"potentialAction\":[{\"@type\":\"ReadAction\",\"target\":[\"https:\\\/\\\/azerty.mx\\\/inicio\\\/sobre-nosotros\\\/\"]}]},{\"@type\":\"ImageObject\",\"inLanguage\":\"es\",\"@id\":\"https:\\\/\\\/azerty.mx\\\/inicio\\\/sobre-nosotros\\\/#primaryimage\",\"url\":\"http:\\\/\\\/azerty.mx\\\/wp-content\\\/uploads\\\/2024\\\/05\\\/Red-de-distribuidoresIII-1024x1024.jpg\",\"contentUrl\":\"http:\\\/\\\/azerty.mx\\\/wp-content\\\/uploads\\\/2024\\\/05\\\/Red-de-distribuidoresIII-1024x1024.jpg\"},{\"@type\":\"BreadcrumbList\",\"@id\":\"https:\\\/\\\/azerty.mx\\\/inicio\\\/sobre-nosotros\\\/#breadcrumb\",\"itemListElement\":[{\"@type\":\"ListItem\",\"position\":1,\"name\":\"Inicio\",\"item\":\"https:\\\/\\\/azerty.mx\\\/inicio\\\/\"},{\"@type\":\"ListItem\",\"position\":2,\"name\":\"Sobre nosotros\"}]},{\"@type\":\"WebSite\",\"@id\":\"https:\\\/\\\/azerty.mx\\\/inicio\\\/#website\",\"url\":\"https:\\\/\\\/azerty.mx\\\/inicio\\\/\",\"name\":\"AZERTY\",\"description\":\"\",\"publisher\":{\"@id\":\"https:\\\/\\\/azerty.mx\\\/inicio\\\/#organization\"},\"potentialAction\":[{\"@type\":\"SearchAction\",\"target\":{\"@type\":\"EntryPoint\",\"urlTemplate\":\"https:\\\/\\\/azerty.mx\\\/inicio\\\/?s={search_term_string}\"},\"query-input\":{\"@type\":\"PropertyValueSpecification\",\"valueRequired\":true,\"valueName\":\"search_term_string\"}}],\"inLanguage\":\"es\"},{\"@type\":\"Organization\",\"@id\":\"https:\\\/\\\/azerty.mx\\\/inicio\\\/#organization\",\"name\":\"Inicio\",\"url\":\"https:\\\/\\\/azerty.mx\\\/inicio\\\/\",\"logo\":{\"@type\":\"ImageObject\",\"inLanguage\":\"es\",\"@id\":\"https:\\\/\\\/azerty.mx\\\/inicio\\\/#\\\/schema\\\/logo\\\/image\\\/\",\"url\":\"http:\\\/\\\/azerty.mx\\\/wp-content\\\/uploads\\\/2024\\\/03\\\/cropped-Logo-Azerty.png\",\"contentUrl\":\"http:\\\/\\\/azerty.mx\\\/wp-content\\\/uploads\\\/2024\\\/03\\\/cropped-Logo-Azerty.png\",\"width\":6055,\"height\":1211,\"caption\":\"Inicio\"},\"image\":{\"@id\":\"https:\\\/\\\/azerty.mx\\\/inicio\\\/#\\\/schema\\\/logo\\\/image\\\/\"},\"sameAs\":[\"https:\\\/\\\/www.facebook.com\\\/azertydemexico\\\/\"]}]}<\/script>\n<!-- \/ Yoast SEO plugin. -->","yoast_head_json":{"title":"Sobre nosotros - Azerty de M\u00e9xico","robots":{"index":"index","follow":"follow","max-snippet":"max-snippet:-1","max-image-preview":"max-image-preview:large","max-video-preview":"max-video-preview:-1"},"canonical":"https:\/\/azerty.mx\/inicio\/sobre-nosotros\/","og_locale":"es_MX","og_type":"article","og_title":"Sobre nosotros - Azerty de M\u00e9xico","og_description":"SOBRENOSOTROS CON 32 A\u00d1OS DE EXPERIENCIA EN EL MERCADO MEXICANO Somos uno de los\u00a0mayoristas l\u00edderes\u00a0en la venta de equipos de\u00a0c\u00f3digo de barra, para punto de venta, movilidad y papel de amplio formato. Contamos con una\u00a0red de distribuidores\u00a0en toda la Rep\u00fablica, los cuales pueden apoyar a todos los usuarios finales. Forma parte de nuestra red de ... Leer m\u00e1s","og_url":"https:\/\/azerty.mx\/inicio\/sobre-nosotros\/","og_site_name":"Azerty de M\u00e9xico","article_publisher":"https:\/\/www.facebook.com\/azertydemexico\/","article_modified_time":"2026-01-16T22:50:05+00:00","og_image":[{"width":1667,"height":1667,"url":"https:\/\/azerty.mx\/wp-content\/uploads\/2024\/05\/Red-de-distribuidoresIII.jpg","type":"image\/jpeg"}],"twitter_card":"summary_large_image","twitter_misc":{"Tiempo de lectura":"2 minutos"},"schema":{"@context":"https:\/\/schema.org","@graph":[{"@type":"WebPage","@id":"https:\/\/azerty.mx\/inicio\/sobre-nosotros\/","url":"https:\/\/azerty.mx\/inicio\/sobre-nosotros\/","name":"Sobre nosotros - Azerty de M\u00e9xico","isPartOf":{"@id":"https:\/\/azerty.mx\/inicio\/#website"},"primaryImageOfPage":{"@id":"https:\/\/azerty.mx\/inicio\/sobre-nosotros\/#primaryimage"},"image":{"@id":"https:\/\/azerty.mx\/inicio\/sobre-nosotros\/#primaryimage"},"thumbnailUrl":"http:\/\/azerty.mx\/wp-content\/uploads\/2024\/05\/Red-de-distribuidoresIII-1024x1024.jpg","datePublished":"2024-03-21T22:53:39+00:00","dateModified":"2026-01-16T22:50:05+00:00","breadcrumb":{"@id":"https:\/\/azerty.mx\/inicio\/sobre-nosotros\/#breadcrumb"},"inLanguage":"es","potentialAction":[{"@type":"ReadAction","target":["https:\/\/azerty.mx\/inicio\/sobre-nosotros\/"]}]},{"@type":"ImageObject","inLanguage":"es","@id":"https:\/\/azerty.mx\/inicio\/sobre-nosotros\/#primaryimage","url":"http:\/\/azerty.mx\/wp-content\/uploads\/2024\/05\/Red-de-distribuidoresIII-1024x1024.jpg","contentUrl":"http:\/\/azerty.mx\/wp-content\/uploads\/2024\/05\/Red-de-distribuidoresIII-1024x1024.jpg"},{"@type":"BreadcrumbList","@id":"https:\/\/azerty.mx\/inicio\/sobre-nosotros\/#breadcrumb","itemListElement":[{"@type":"ListItem","position":1,"name":"Inicio","item":"https:\/\/azerty.mx\/inicio\/"},{"@type":"ListItem","position":2,"name":"Sobre nosotros"}]},{"@type":"WebSite","@id":"https:\/\/azerty.mx\/inicio\/#website","url":"https:\/\/azerty.mx\/inicio\/","name":"AZERTY","description":"","publisher":{"@id":"https:\/\/azerty.mx\/inicio\/#organization"},"potentialAction":[{"@type":"SearchAction","target":{"@type":"EntryPoint","urlTemplate":"https:\/\/azerty.mx\/inicio\/?s={search_term_string}"},"query-input":{"@type":"PropertyValueSpecification","valueRequired":true,"valueName":"search_term_string"}}],"inLanguage":"es"},{"@type":"Organization","@id":"https:\/\/azerty.mx\/inicio\/#organization","name":"Inicio","url":"https:\/\/azerty.mx\/inicio\/","logo":{"@type":"ImageObject","inLanguage":"es","@id":"https:\/\/azerty.mx\/inicio\/#\/schema\/logo\/image\/","url":"http:\/\/azerty.mx\/wp-content\/uploads\/2024\/03\/cropped-Logo-Azerty.png","contentUrl":"http:\/\/azerty.mx\/wp-content\/uploads\/2024\/03\/cropped-Logo-Azerty.png","width":6055,"height":1211,"caption":"Inicio"},"image":{"@id":"https:\/\/azerty.mx\/inicio\/#\/schema\/logo\/image\/"},"sameAs":["https:\/\/www.facebook.com\/azertydemexico\/"]}]}},"_links":{"self":[{"href":"https:\/\/azerty.mx\/inicio\/wp-json\/wp\/v2\/pages\/415","targetHints":{"allow":["GET"]}}],"collection":[{"href":"https:\/\/azerty.mx\/inicio\/wp-json\/wp\/v2\/pages"}],"about":[{"href":"https:\/\/azerty.mx\/inicio\/wp-json\/wp\/v2\/types\/page"}],"author":[{"embeddable":true,"href":"https:\/\/azerty.mx\/inicio\/wp-json\/wp\/v2\/users\/2"}],"replies":[{"embeddable":true,"href":"https:\/\/azerty.mx\/inicio\/wp-json\/wp\/v2\/comments?post=415"}],"version-history":[{"count":91,"href":"https:\/\/azerty.mx\/inicio\/wp-json\/wp\/v2\/pages\/415\/revisions"}],"predecessor-version":[{"id":4079,"href":"https:\/\/azerty.mx\/inicio\/wp-json\/wp\/v2\/pages\/415\/revisions\/4079"}],"wp:attachment":[{"href":"https:\/\/azerty.mx\/inicio\/wp-json\/wp\/v2\/media?parent=415"}],"curies":[{"name":"wp","href":"https:\/\/api.w.org\/{rel}","templated":true}]}}